{"id":35,"date":"2013-11-21T14:04:31","date_gmt":"2013-11-21T13:04:31","guid":{"rendered":"http:\/\/afdcl.fr\/?page_id=35"},"modified":"2026-01-18T21:11:10","modified_gmt":"2026-01-18T20:11:10","slug":"adhesion","status":"publish","type":"page","link":"https:\/\/afdcl.fr\/?page_id=35","title":{"rendered":"Adh\u00e9sion"},"content":{"rendered":"<p><!-- \n\n\n\n\n\n\n\n\n\n\n\n\n\n\n\n\n\n<p><strong>BULLETIN D\u2019ADHESION 2022<\/strong><\/p>\n\n\n\n\n\n\n\n\n\n\n\n\n\n\n\n\n\n\n\n\n\n\n\n\n\n\n\n\n\n\n\n\n\n\n\n\n<p>Nom et Pr\u00e9nom :<br \/>Adresse personnelle :<br \/>Code postal : Ville:<br \/>Pays :<br \/>T\u00e9l\u00e9phone personnel:<br \/>E-mail personnel* :<br \/>Qualit\u00e9 et organisme :<br \/>Adresse professionnelle :<br \/>Code postal: Ville:<br \/>Pays:<br \/>T\u00e9l\u00e9phone professionnel :<br \/>E-mail professionnel* :<br \/>(* : une adresse de courrier \u00e9lectronique est hautement souhaitable)<\/p>\n\n\n\n\n\n\n\n\n\n\n\n\n\n\n\n\n\n\n\n\n\n\n\n\n\n\n\n\n\n\n\n\n\n\n\n\n<p>O Je demande mon adh\u00e9sion \u00e0 l\u2019Association Fran\u00e7aise de Droit des Collectivit\u00e9s Locales pour un montant de :<br \/>O Membre \u00e9tudiant : 15 euros (joindre une photocopie de la carte d\u2019\u00e9tudiant)<br \/>O Membre actif non \u00e9tudiant : 35 euros<br \/>O Personnes morales et centres de recherches : 100 euros<br \/>Conform\u00e9ment \u00e0 l'article 6 des statuts de l'Association, le Conseil d'administration se r\u00e9serve la possibilit\u00e9 de refuser une demande d'adh\u00e9sion.<\/p>\n\n\n\n\n\n\n\n\n\n\n\n\n\n\n\n\n\n\n\n\n\n\n\n\n\n\n\n\n\n\n\n\n\n\n\n\n<p>O Je d\u00e9clare avoir pris connaissance des statuts de l\u2019Association Fran\u00e7aise de Droit des Collectivit\u00e9s Locales.<\/p>\n\n\n\n\n\n\n\n\n\n\n\n\n\n\n\n\n\n\n\n\n\n\n\n\n\n\n\n\n\n\n\n\n\n\n\n\n<p>O Je souhaite recevoir un re\u00e7u.<\/p>\n\n\n\n\n\n\n\n\n\n\n\n\n\n\n\n\n\n\n\n\n\n\n\n\n\n\n\n\n\n\n\n\n\n\n\n\n<p>Date et signature :<\/p>\n\n\n\n\n\n\n\n\n\n\n\n\n\n\n\n\n\n --><\/p>\n\n\n<p>Pour adh\u00e9rer en ligne, vous pouvez utiliser le formulaire ci-dessous o<a href=\"https:\/\/www.helloasso.com\/associations\/association-francaise-de-droit-des-collectivites-locales-afdcl\/adhesions\/adhesion-2025\">u vous rendre directement sur la page de notre partenaire, HelloAsso.<\/a><\/p>\n\n\n\n<p><\/p>\n\n\n\n<div class=\"wp-block-brad-border-box\">\t\t\t<iframe\n\t\t\t\tid=\"idIframe\"\n\t\t\t\tsrc=\"https:\/\/www.helloasso.com\/associations\/association-francaise-de-droit-des-collectivites-locales-afdcl\/adhesions\/adhesion-2026-1\/widget\"\n\t\t\t\theight=750px\"\t\t\t\twidth=100%\"\t\t\t\tframeborder=\"0\"\n\t\t\t\tloading=\"lazy\"\n\t\t\t\tallowtransparency=\"true\"\n\t\t\t\tonload=\"resizeIframeMessage()\"><\/iframe>\n<\/div>\n\n\n\n<div style=\"height:100px\" aria-hidden=\"true\" class=\"wp-block-spacer\"><\/div>\n\n\n\n<div class=\"wp-block-file\"><a id=\"wp-block-file--media-564011cc-a66c-4aff-b71f-0a30a0f131a3\" href=\"http:\/\/afdcl.fr\/wp-content\/uploads\/2021\/06\/statuts-AFDCL.pdf\"><strong>Pour consulter les statuts:<\/strong> statuts-AFDCL<\/a><a href=\"http:\/\/afdcl.fr\/wp-content\/uploads\/2021\/06\/statuts-AFDCL.pdf\" class=\"wp-block-file__button wp-element-button\" download aria-describedby=\"wp-block-file--media-564011cc-a66c-4aff-b71f-0a30a0f131a3\">T\u00e9l\u00e9charger<\/a><\/div>\n","protected":false},"excerpt":{"rendered":"<p>Pour adh\u00e9rer en ligne, vous pouvez utiliser le formulaire ci-dessous ou vous rendre directement sur la page de notre partenaire, HelloAsso.<\/p>\n","protected":false},"author":1,"featured_media":0,"parent":33,"menu_order":0,"comment_status":"closed","ping_status":"open","template":"","meta":{"footnotes":""},"_links":{"self":[{"href":"https:\/\/afdcl.fr\/index.php?rest_route=\/wp\/v2\/pages\/35"}],"collection":[{"href":"https:\/\/afdcl.fr\/index.php?rest_route=\/wp\/v2\/pages"}],"about":[{"href":"https:\/\/afdcl.fr\/index.php?rest_route=\/wp\/v2\/types\/page"}],"author":[{"embeddable":true,"href":"https:\/\/afdcl.fr\/index.php?rest_route=\/wp\/v2\/users\/1"}],"replies":[{"embeddable":true,"href":"https:\/\/afdcl.fr\/index.php?rest_route=%2Fwp%2Fv2%2Fcomments&post=35"}],"version-history":[{"count":57,"href":"https:\/\/afdcl.fr\/index.php?rest_route=\/wp\/v2\/pages\/35\/revisions"}],"predecessor-version":[{"id":2835,"href":"https:\/\/afdcl.fr\/index.php?rest_route=\/wp\/v2\/pages\/35\/revisions\/2835"}],"up":[{"embeddable":true,"href":"https:\/\/afdcl.fr\/index.php?rest_route=\/wp\/v2\/pages\/33"}],"wp:attachment":[{"href":"https:\/\/afdcl.fr\/index.php?rest_route=%2Fwp%2Fv2%2Fmedia&parent=35"}],"curies":[{"name":"wp","href":"https:\/\/api.w.org\/{rel}","templated":true}]}}