{"id":29,"date":"2013-11-21T14:01:30","date_gmt":"2013-11-21T13:01:30","guid":{"rendered":"http:\/\/afdcl.fr\/?page_id=29"},"modified":"2026-01-18T21:32:49","modified_gmt":"2026-01-18T20:32:49","slug":"organisation-2","status":"publish","type":"page","link":"https:\/\/afdcl.fr\/?page_id=29","title":{"rendered":"Organisation"},"content":{"rendered":"<p style=\"text-align: center;\"><strong>Bureau<\/strong><\/p>\n<p>. <strong>Jean-Fran\u00e7ois Brisson, <\/strong>Pr\u00e9sident<\/p>\n<p><strong>. Damien Augias, <\/strong>Vice-pr\u00e9sident<\/p>\n<p><strong>. Bertrand Faure, <\/strong>Vice-pr\u00e9sident<\/p>\n<p><strong>. Laetitia Janicot, <\/strong>Vice-pr\u00e9sidente<\/p>\n<p><strong>. C\u00e9cile Regourd, <\/strong>Secr\u00e9taire g\u00e9n\u00e9rale<\/p>\n<p><strong>. Maylis Douence, <\/strong>Secr\u00e9taire g\u00e9n\u00e9rale adjointe<\/p>\n<p><strong>. Julien Martin, <\/strong>Tr\u00e9sorier<\/p>\n<p><strong>. Benjamin Tendron, <\/strong>Secr\u00e9taire charg\u00e9 de l&rsquo;administration du site web<\/p>\n<p style=\"text-align: center;\"><strong>Conseil d\u2019administration<\/strong><\/p>\n<p><strong>. Damien Augias<\/strong><\/p>\n<p>Directeur Grands comptes r\u00e9gionaux &amp; Programmes nationaux, Groupe Caisse des D\u00e9p\u00f4ts<\/p>\n<p><strong>. Laurent Bacquart<\/strong><\/p>\n<p>Directeur G\u00e9n\u00e9ral des Services de la Communaut\u00e9 d\u2019Agglom\u00e9ration Val d\u2019Yerres Val de Seine et Pr\u00e9sident de la section r\u00e9gionale Ile-de-France du SNDGCT<\/p>\n<p><strong>. Fran\u00e7ois Benchendikh<\/strong><\/p>\n<p>Professeur, Sciences Po Lille<\/p>\n<p><strong>. Florent Blanco<\/strong><\/p>\n<p>Professeur, Universit\u00e9 d&rsquo;Orl\u00e9ans<\/p>\n<p><strong>. Jean-Fran\u00e7ois Brisson<\/strong><\/p>\n<p>Professeur, Universit\u00e9 de Bordeaux<\/p>\n<p><strong>. Sylvia Brunet<\/strong><\/p>\n<p>Professeur, Universit\u00e9 de Rouen Normandie<\/p>\n<p><strong>. Pierre-Yves Chicot<\/strong><\/p>\n<p>Professeur, Universit\u00e9 des Antilles<\/p>\n<p><strong>. Florence Crouzatier-Durand<\/strong><\/p>\n<p>Codirectrice du GIS-GRALE, Professeur, Universit\u00e9 C\u00f4te d&rsquo;Azur<\/p>\n<p><strong>. Vincent De Briant<\/strong><\/p>\n<p>Directeur-adjoint de l&rsquo;Institut d&rsquo;\u00e9tudes politiques de Fontainebleau, Ma\u00eetre de conf\u00e9rences, Universit\u00e9 Paris-Est Cr\u00e9teil<\/p>\n<p><strong>. Virginie Donier<\/strong><\/p>\n<p>Pr\u00e9sidente du Conseil scientifique du GIS-GRALE, Professeur, Universit\u00e9 de Toulon<\/p>\n<p><strong>. Patricia Demaye-Simoni<\/strong><\/p>\n<p>Ma\u00eetre de conf\u00e9rences, Universit\u00e9 d&rsquo;Artois<\/p>\n<p><strong>. Maylis Douence<\/strong><\/p>\n<p>Ma\u00eetre de conf\u00e9rences HDR, Universit\u00e9 de Pau et des Pays de l&rsquo;Adour<\/p>\n<p><strong>. Bertrand Faure<\/strong><\/p>\n<p>Professeur, Universit\u00e9 de Nantes<\/p>\n<p><strong>. Nelly Ferreira<\/strong><\/p>\n<p>Doyenne de la Facult\u00e9 de droit, Ma\u00eetre de conf\u00e9rences HDR,\u00a0CY Cergy Paris Universit\u00e9<\/p>\n<p><strong>. Jacques Ferstenbert<\/strong><\/p>\n<p>Avocat, Professeur \u00e9m\u00e9rite, Universit\u00e9 d&rsquo;Orl\u00e9ans<\/p>\n<p><strong>. Olivier Gohin<\/strong><\/p>\n<p>Professeur \u00e9m\u00e9rite, Universit\u00e9 Paris-Panth\u00e9on-Assas<\/p>\n<p><strong>. Laetitia Janicot<\/strong><\/p>\n<p>Professeur, Universit\u00e9 Paris 1 Panth\u00e9on-Sorbonne<\/p>\n<p><strong>. Nicolas Kada<\/strong><\/p>\n<p>Professeur, Universit\u00e9 Grenoble Alpes<\/p>\n<p><strong>. Alexis Le Quinio<\/strong><\/p>\n<p>Professeur, Universit\u00e9 de Limoges<\/p>\n<p><strong>. Florence Lerique<\/strong><\/p>\n<p>Universit\u00e9 Bordeaux Montaigne<\/p>\n<p><strong>. Julien Martin<\/strong><\/p>\n<p>Professeur, Universit\u00e9 de Bordeaux<\/p>\n<p><strong>. Elisabeth Mella<\/strong><\/p>\n<p>Ma\u00eetre de conf\u00e9rences HDR,\u00a0Universit\u00e9 Paris Dauphine-PSL<\/p>\n<p><strong>. Bernard Poujade<\/strong><\/p>\n<p>Professeur \u00e9m\u00e9rite, Universit\u00e9 Paris Cit\u00e9<\/p>\n<p><strong>. C\u00e9cile Regourd<\/strong><\/p>\n<p>Ma\u00eetre de conf\u00e9rences, Universit\u00e9 Toulouse Capitole<\/p>\n<p><strong>. Christine Rimbault<\/strong><\/p>\n<p>Magistrate<\/p>\n<p><strong>. Tiphaine Rombauts-Chabrol<\/strong><\/p>\n<p>Ma\u00eetre de conf\u00e9rences, Universit\u00e9 Perpignan Via Domitia<\/p>\n<p><strong>. S\u00e9bastien Saunier<\/strong><\/p>\n<p>Professeur, Universit\u00e9 Toulouse Capitole<\/p>\n<p><strong>. Benjamin Tendron<\/strong><\/p>\n<p>ATER et Doctorant, Universit\u00e9 Paris 1 Panth\u00e9on-Sorbonne<\/p>\n<p><strong>. Michel Verpeaux<\/strong><\/p>\n<p>Professeur \u00e9m\u00e9rite, Universit\u00e9 Paris 1 Panth\u00e9on-Sorbonne<\/p>\n<p><strong>. Reine Wakote<\/strong><\/p>\n<p>Ma\u00eetre de conf\u00e9rences, Universit\u00e9 de Lorraine<\/p>\n<p style=\"text-align: center;\"><strong>Pr\u00e9sidents d&rsquo;honneur<\/strong><\/p>\n<p>. <strong>Jean-Bernard Auby<\/strong><br \/>\nProfesseur des universit\u00e9s &#8211; Sciences Po<\/p>\n<p>. <strong>St\u00e9phane Braconnier<\/strong><br \/>\nProfesseur des universit\u00e9s &#8211; Universit\u00e9 Paris-Panth\u00e9on-Assas<\/p>\n<p>. <strong>Yves J\u00e9gouzo<\/strong><br \/>\nProfesseur des universit\u00e9s &#8211; Universit\u00e9 Paris 1 Panth\u00e9on-Sorbonne<\/p>\n<p>. <strong>Jacques Moreau<\/strong> \u271d<br \/>\nProfesseur \u00e9m\u00e9rite des universit\u00e9s &#8211; Universit\u00e9 Paris-Panth\u00e9on-Assas<\/p>\n<p style=\"text-align: center;\"><strong>Membre d&rsquo;honneur<\/strong><\/p>\n<p>. <strong>Renato Balduzzi<\/strong><br \/>\nProfesseur \u00e0 l&rsquo;universit\u00e9 catholique de Milan,<\/p>\n<p>(actualis\u00e9 \u00e0 la suite de l&rsquo;AG du 05\/12\/2025)<\/p>\n","protected":false},"excerpt":{"rendered":"<p>Bureau . Jean-Fran\u00e7ois Brisson, Pr\u00e9sident . Damien Augias, Vice-pr\u00e9sident . Bertrand Faure, Vice-pr\u00e9sident . Laetitia Janicot, Vice-pr\u00e9sidente . C\u00e9cile Regourd, Secr\u00e9taire g\u00e9n\u00e9rale . Maylis Douence, Secr\u00e9taire g\u00e9n\u00e9rale adjointe . Julien Martin, Tr\u00e9sorier . Benjamin Tendron, Secr\u00e9taire charg\u00e9 de l&rsquo;administration du site web Conseil d\u2019administration . Damien Augias Directeur Grands comptes r\u00e9gionaux &amp; Programmes nationaux, Groupe<\/p>\n","protected":false},"author":1,"featured_media":0,"parent":33,"menu_order":0,"comment_status":"closed","ping_status":"open","template":"","meta":{"footnotes":""},"_links":{"self":[{"href":"https:\/\/afdcl.fr\/index.php?rest_route=\/wp\/v2\/pages\/29"}],"collection":[{"href":"https:\/\/afdcl.fr\/index.php?rest_route=\/wp\/v2\/pages"}],"about":[{"href":"https:\/\/afdcl.fr\/index.php?rest_route=\/wp\/v2\/types\/page"}],"author":[{"embeddable":true,"href":"https:\/\/afdcl.fr\/index.php?rest_route=\/wp\/v2\/users\/1"}],"replies":[{"embeddable":true,"href":"https:\/\/afdcl.fr\/index.php?rest_route=%2Fwp%2Fv2%2Fcomments&post=29"}],"version-history":[{"count":47,"href":"https:\/\/afdcl.fr\/index.php?rest_route=\/wp\/v2\/pages\/29\/revisions"}],"predecessor-version":[{"id":2837,"href":"https:\/\/afdcl.fr\/index.php?rest_route=\/wp\/v2\/pages\/29\/revisions\/2837"}],"up":[{"embeddable":true,"href":"https:\/\/afdcl.fr\/index.php?rest_route=\/wp\/v2\/pages\/33"}],"wp:attachment":[{"href":"https:\/\/afdcl.fr\/index.php?rest_route=%2Fwp%2Fv2%2Fmedia&parent=29"}],"curies":[{"name":"wp","href":"https:\/\/api.w.org\/{rel}","templated":true}]}}