{"id":2271,"date":"2022-01-29T16:00:31","date_gmt":"2022-01-29T15:00:31","guid":{"rendered":"https:\/\/afdcl.fr\/?page_id=2271"},"modified":"2022-01-29T16:00:31","modified_gmt":"2022-01-29T15:00:31","slug":"conditions-generales","status":"publish","type":"page","link":"https:\/\/afdcl.fr\/?page_id=2271","title":{"rendered":"Conditions g\u00e9n\u00e9rales"},"content":{"rendered":"<p><strong>Contenu du site<\/strong><\/p>\n<p>L&rsquo;AFDCL met \u00e0 disposition des utilisateurs du site web afdcl.fr des informations et outils disponibles et v\u00e9rifi\u00e9s, mais elle ne saurait \u00eatre tenue pour responsable des erreurs ou de l\u2019indisponibilit\u00e9 de certaines informations. Nous remercions les utilisateurs du site de nous faire part d\u2019\u00e9ventuelles omissions, erreurs ou corrections, en adressant un m\u00e9l au webmestre du site.<\/p>\n<p><strong>Protection des biens et des personnes \u2013 gestion des donn\u00e9es personnelles<\/strong><\/p>\n<p>Aucune adresse IP n\u2019est collect\u00e9 lors de l\u2019envoi d\u2019un formulaire par le biais de notre site Internet<br \/>\nLes donn\u00e9es collect\u00e9es sont conserv\u00e9es pendant une dur\u00e9e maximale de 13 mois en cas de non conclusion d\u2019une adh\u00e9sion avec notre association.<br \/>\nConform\u00e9ment aux dispositions des articles 38 et suivants de la loi 78-17 du 6 janvier 1978 relative \u00e0 l\u2019informatique, aux fichiers et aux libert\u00e9s, tout utilisateur dispose d\u2019un droit d\u2019acc\u00e8s, de rectification, de suppression et d\u2019opposition aux donn\u00e9es personnelles le concernant.<\/p>\n<p>Pour l\u2019exercer, adressez votre demande par courrier \u00e0 :<\/p>\n<p><em>Association fran\u00e7aise de droit des collectivit\u00e9s locales (AFDCL)<\/em><br \/>\n<em>12 place du Panth\u00e9on <\/em><br \/>\n<em>75005 PARIS<\/em><\/p>\n<p>La demande doit \u00eatre \u00e9crite et sign\u00e9e, accompagn\u00e9e d\u2019une copie du titre d\u2019identit\u00e9 avec signature du titulaire de la pi\u00e8ce, en pr\u00e9cisant l\u2019adresse \u00e0 laquelle la r\u00e9ponse doit \u00eatre envoy\u00e9e.<br \/>\nAucune information personnelle de l\u2019utilisateur du site n\u2019est publi\u00e9e \u00e0 l\u2019insu de l\u2019utilisateur, \u00e9chang\u00e9e, transf\u00e9r\u00e9e, c\u00e9d\u00e9e ou vendue sur un support quelconque \u00e0 des tiers.<br \/>\nLes bases de donn\u00e9es sont prot\u00e9g\u00e9es par les dispositions de la loi du 1er juillet 1998 transposant la directive 96\/9 du 11 mars 1996 relative \u00e0 la protection juridique des bases de donn\u00e9es.<\/p>\n<p><strong>Loi applicable<\/strong><\/p>\n<p>L\u2019usage de ce site web est r\u00e9gi par la loi fran\u00e7aise \u00e0 l\u2019exception de toute autre l\u00e9gislation.<\/p>\n","protected":false},"excerpt":{"rendered":"<p>Contenu du site L&rsquo;AFDCL met \u00e0 disposition des utilisateurs du site web afdcl.fr des informations et outils disponibles et v\u00e9rifi\u00e9s, mais elle ne saurait \u00eatre tenue pour responsable des erreurs ou de l\u2019indisponibilit\u00e9 de certaines informations. Nous remercions les utilisateurs du site de nous faire part d\u2019\u00e9ventuelles omissions, erreurs ou corrections, en adressant un m\u00e9l<\/p>\n","protected":false},"author":1,"featured_media":0,"parent":0,"menu_order":0,"comment_status":"closed","ping_status":"closed","template":"","meta":{"footnotes":""},"_links":{"self":[{"href":"https:\/\/afdcl.fr\/index.php?rest_route=\/wp\/v2\/pages\/2271"}],"collection":[{"href":"https:\/\/afdcl.fr\/index.php?rest_route=\/wp\/v2\/pages"}],"about":[{"href":"https:\/\/afdcl.fr\/index.php?rest_route=\/wp\/v2\/types\/page"}],"author":[{"embeddable":true,"href":"https:\/\/afdcl.fr\/index.php?rest_route=\/wp\/v2\/users\/1"}],"replies":[{"embeddable":true,"href":"https:\/\/afdcl.fr\/index.php?rest_route=%2Fwp%2Fv2%2Fcomments&post=2271"}],"version-history":[{"count":1,"href":"https:\/\/afdcl.fr\/index.php?rest_route=\/wp\/v2\/pages\/2271\/revisions"}],"predecessor-version":[{"id":2272,"href":"https:\/\/afdcl.fr\/index.php?rest_route=\/wp\/v2\/pages\/2271\/revisions\/2272"}],"wp:attachment":[{"href":"https:\/\/afdcl.fr\/index.php?rest_route=%2Fwp%2Fv2%2Fmedia&parent=2271"}],"curies":[{"name":"wp","href":"https:\/\/api.w.org\/{rel}","templated":true}]}}