{"id":2256,"date":"2022-01-15T19:38:50","date_gmt":"2022-01-15T18:38:50","guid":{"rendered":"https:\/\/afdcl.fr\/?page_id=2256"},"modified":"2022-01-15T20:37:47","modified_gmt":"2022-01-15T19:37:47","slug":"mentions-legales","status":"publish","type":"page","link":"https:\/\/afdcl.fr\/?page_id=2256","title":{"rendered":"Mentions l\u00e9gales"},"content":{"rendered":"\n<p>L&rsquo;association fran\u00e7aise de droit des collectivit\u00e9s locales (AFDCL) est domicili\u00e9e au 12 place du Panth\u00e9on 75005 Paris.<\/p>\n\n\n\n<p>L&#8217;email de contact est <a href=\"https:\/\/my.ionos.fr\/email-account-details\/forward\/104819904\">contact@afdcl.fr<\/a>.<\/p>\n\n\n\n<p>Le site internet de l&rsquo;AFDCL est h\u00e9berg\u00e9 par IONOS SARL, 7 place de la gare BP 70109 57200 Sarreguemines. <br> IONOS SARL peut \u00eatre contact\u00e9e au 0970 808 911 (appel non surtax\u00e9) ou par e-mail \u00e0 l\u2019adresse suivante: <a href=\"info@ionos.fr\">info@ionos.fr<\/a> <\/p>\n","protected":false},"excerpt":{"rendered":"<p>L&rsquo;association fran\u00e7aise de droit des collectivit\u00e9s locales (AFDCL) est domicili\u00e9e au 12 place du Panth\u00e9on 75005 Paris. L&#8217;email de contact est contact@afdcl.fr. Le site internet de l&rsquo;AFDCL est h\u00e9berg\u00e9 par IONOS SARL, 7 place de la gare BP 70109 57200 Sarreguemines. IONOS SARL peut \u00eatre contact\u00e9e au 0970 808 911 (appel non surtax\u00e9) ou par<\/p>\n","protected":false},"author":1,"featured_media":0,"parent":33,"menu_order":0,"comment_status":"closed","ping_status":"closed","template":"","meta":{"footnotes":""},"_links":{"self":[{"href":"https:\/\/afdcl.fr\/index.php?rest_route=\/wp\/v2\/pages\/2256"}],"collection":[{"href":"https:\/\/afdcl.fr\/index.php?rest_route=\/wp\/v2\/pages"}],"about":[{"href":"https:\/\/afdcl.fr\/index.php?rest_route=\/wp\/v2\/types\/page"}],"author":[{"embeddable":true,"href":"https:\/\/afdcl.fr\/index.php?rest_route=\/wp\/v2\/users\/1"}],"replies":[{"embeddable":true,"href":"https:\/\/afdcl.fr\/index.php?rest_route=%2Fwp%2Fv2%2Fcomments&post=2256"}],"version-history":[{"count":3,"href":"https:\/\/afdcl.fr\/index.php?rest_route=\/wp\/v2\/pages\/2256\/revisions"}],"predecessor-version":[{"id":2264,"href":"https:\/\/afdcl.fr\/index.php?rest_route=\/wp\/v2\/pages\/2256\/revisions\/2264"}],"up":[{"embeddable":true,"href":"https:\/\/afdcl.fr\/index.php?rest_route=\/wp\/v2\/pages\/33"}],"wp:attachment":[{"href":"https:\/\/afdcl.fr\/index.php?rest_route=%2Fwp%2Fv2%2Fmedia&parent=2256"}],"curies":[{"name":"wp","href":"https:\/\/api.w.org\/{rel}","templated":true}]}}